{"id":82,"date":"2024-05-03T10:53:46","date_gmt":"2024-05-03T10:53:46","guid":{"rendered":"https:\/\/www.schuetzen1861-ochtendung.de\/?page_id=82"},"modified":"2024-06-05T05:27:06","modified_gmt":"2024-06-05T05:27:06","slug":"schiessanlage","status":"publish","type":"page","link":"https:\/\/www.schuetzen1861-ochtendung.de\/?page_id=82","title":{"rendered":"Schie\u00dfanlagen"},"content":{"rendered":"\t\t<div data-elementor-type=\"wp-page\" data-elementor-id=\"82\" class=\"elementor elementor-82\">\n\t\t\t\t<div class=\"elementor-element elementor-element-11433f8 e-grid e-con-boxed e-con e-parent\" data-id=\"11433f8\" data-element_type=\"container\" data-e-type=\"container\">\n\t\t\t\t\t<div class=\"e-con-inner\">\n\t\t\t\t<div class=\"elementor-element elementor-element-1f992de elementor-widget elementor-widget-text-editor\" data-id=\"1f992de\" data-element_type=\"widget\" data-e-type=\"widget\" data-widget_type=\"text-editor.default\">\n\t\t\t\t<div class=\"elementor-widget-container\">\n\t\t\t\t\t\t\t\t\t<p>Unser historischer Schie\u00dfstand f\u00fcr Kleinkaliber&nbsp;<\/p>\n<p>8 Sch\u00fctzenst\u00e4nde<\/p>\n<p><br><\/p>\t\t\t\t\t\t\t\t<\/div>\n\t\t\t\t<\/div>\n\t\t\t\t<div class=\"elementor-element elementor-element-739d1fd elementor-widget elementor-widget-image\" data-id=\"739d1fd\" data-element_type=\"widget\" data-e-type=\"widget\" data-widget_type=\"image.default\">\n\t\t\t\t<div class=\"elementor-widget-container\">\n\t\t\t\t\t\t\t\t\t\t\t\t\t\t\t<img fetchpriority=\"high\" decoding=\"async\" width=\"800\" height=\"600\" src=\"https:\/\/www.schuetzen1861-ochtendung.de\/wp-content\/uploads\/2024\/05\/DSCF2626-1024x768.jpg\" class=\"attachment-large size-large wp-image-73\" alt=\"\" srcset=\"https:\/\/www.schuetzen1861-ochtendung.de\/wp-content\/uploads\/2024\/05\/DSCF2626-1024x768.jpg 1024w, https:\/\/www.schuetzen1861-ochtendung.de\/wp-content\/uploads\/2024\/05\/DSCF2626-300x225.jpg 300w, https:\/\/www.schuetzen1861-ochtendung.de\/wp-content\/uploads\/2024\/05\/DSCF2626-768x576.jpg 768w, https:\/\/www.schuetzen1861-ochtendung.de\/wp-content\/uploads\/2024\/05\/DSCF2626-1536x1152.jpg 1536w, https:\/\/www.schuetzen1861-ochtendung.de\/wp-content\/uploads\/2024\/05\/DSCF2626-2048x1536.jpg 2048w, https:\/\/www.schuetzen1861-ochtendung.de\/wp-content\/uploads\/2024\/05\/DSCF2626-1440x1080.jpg 1440w\" sizes=\"(max-width: 800px) 100vw, 800px\" \/>\t\t\t\t\t\t\t\t\t\t\t\t\t\t\t<\/div>\n\t\t\t\t<\/div>\n\t\t\t\t<div class=\"elementor-element elementor-element-7fa38c2 elementor-widget elementor-widget-text-editor\" data-id=\"7fa38c2\" data-element_type=\"widget\" data-e-type=\"widget\" data-widget_type=\"text-editor.default\">\n\t\t\t\t<div class=\"elementor-widget-container\">\n\t\t\t\t\t\t\t\t\t<p>Unsere Raumschie\u00dfanlage f\u00fcr Gro\u00df- und&nbsp;<\/p>\n<p>Kleinkaliber Lang- und Kurzwaffen<\/p><p>4 Sch\u00fctzenst\u00e4nde<\/p><p><br><\/p>\t\t\t\t\t\t\t\t<\/div>\n\t\t\t\t<\/div>\n\t\t\t\t<div class=\"elementor-element elementor-element-5ff0587 elementor-widget elementor-widget-image\" data-id=\"5ff0587\" data-element_type=\"widget\" data-e-type=\"widget\" data-widget_type=\"image.default\">\n\t\t\t\t<div class=\"elementor-widget-container\">\n\t\t\t\t\t\t\t\t\t\t\t\t\t\t\t<img decoding=\"async\" width=\"320\" height=\"240\" src=\"https:\/\/www.schuetzen1861-ochtendung.de\/wp-content\/uploads\/2024\/05\/IMG_8062.jpg\" class=\"attachment-large size-large wp-image-418\" alt=\"\" srcset=\"https:\/\/www.schuetzen1861-ochtendung.de\/wp-content\/uploads\/2024\/05\/IMG_8062.jpg 320w, https:\/\/www.schuetzen1861-ochtendung.de\/wp-content\/uploads\/2024\/05\/IMG_8062-300x225.jpg 300w\" sizes=\"(max-width: 320px) 100vw, 320px\" \/>\t\t\t\t\t\t\t\t\t\t\t\t\t\t\t<\/div>\n\t\t\t\t<\/div>\n\t\t\t\t<div class=\"elementor-element elementor-element-abfbaf1 elementor-widget elementor-widget-image\" data-id=\"abfbaf1\" data-element_type=\"widget\" data-e-type=\"widget\" data-widget_type=\"image.default\">\n\t\t\t\t<div class=\"elementor-widget-container\">\n\t\t\t\t\t\t\t\t\t\t\t\t\t\t\t<img decoding=\"async\" width=\"320\" height=\"240\" src=\"https:\/\/www.schuetzen1861-ochtendung.de\/wp-content\/uploads\/2024\/05\/IMG_8065.jpg\" class=\"attachment-large size-large wp-image-420\" alt=\"\" srcset=\"https:\/\/www.schuetzen1861-ochtendung.de\/wp-content\/uploads\/2024\/05\/IMG_8065.jpg 320w, https:\/\/www.schuetzen1861-ochtendung.de\/wp-content\/uploads\/2024\/05\/IMG_8065-300x225.jpg 300w\" sizes=\"(max-width: 320px) 100vw, 320px\" \/>\t\t\t\t\t\t\t\t\t\t\t\t\t\t\t<\/div>\n\t\t\t\t<\/div>\n\t\t\t\t<div class=\"elementor-element elementor-element-4624c38 elementor-widget elementor-widget-image\" data-id=\"4624c38\" data-element_type=\"widget\" data-e-type=\"widget\" data-widget_type=\"image.default\">\n\t\t\t\t<div class=\"elementor-widget-container\">\n\t\t\t\t\t\t\t\t\t\t\t\t\t\t\t<img loading=\"lazy\" decoding=\"async\" width=\"240\" height=\"320\" src=\"https:\/\/www.schuetzen1861-ochtendung.de\/wp-content\/uploads\/2024\/05\/IMG_8066-rotated.jpg\" class=\"attachment-large size-large wp-image-421\" alt=\"\" srcset=\"https:\/\/www.schuetzen1861-ochtendung.de\/wp-content\/uploads\/2024\/05\/IMG_8066-rotated.jpg 240w, https:\/\/www.schuetzen1861-ochtendung.de\/wp-content\/uploads\/2024\/05\/IMG_8066-225x300.jpg 225w\" sizes=\"(max-width: 240px) 100vw, 240px\" \/>\t\t\t\t\t\t\t\t\t\t\t\t\t\t\t<\/div>\n\t\t\t\t<\/div>\n\t\t\t\t\t<\/div>\n\t\t\t\t<\/div>\n\t\t<div class=\"elementor-element elementor-element-420c40d e-grid e-con-boxed e-con e-parent\" data-id=\"420c40d\" data-element_type=\"container\" data-e-type=\"container\">\n\t\t\t\t\t<div class=\"e-con-inner\">\n\t\t\t\t<div class=\"elementor-element elementor-element-710bef3 elementor-widget elementor-widget-text-editor\" data-id=\"710bef3\" data-element_type=\"widget\" data-e-type=\"widget\" data-widget_type=\"text-editor.default\">\n\t\t\t\t<div class=\"elementor-widget-container\">\n\t\t\t\t\t\t\t\t\t<p>Unser neuer elektronischer Luftgewehr-Stand&nbsp;<\/p><p>5 Sch\u00fctzenst\u00e4nde elektronisch sowie ein Laser- bzw. Scheibenzug-Anlage<\/p>\t\t\t\t\t\t\t\t<\/div>\n\t\t\t\t<\/div>\n\t\t\t\t<div class=\"elementor-element elementor-element-95cf89b elementor-widget elementor-widget-image\" data-id=\"95cf89b\" data-element_type=\"widget\" data-e-type=\"widget\" data-widget_type=\"image.default\">\n\t\t\t\t<div class=\"elementor-widget-container\">\n\t\t\t\t\t\t\t\t\t\t\t\t\t\t\t<img loading=\"lazy\" decoding=\"async\" width=\"320\" height=\"240\" src=\"https:\/\/www.schuetzen1861-ochtendung.de\/wp-content\/uploads\/2024\/05\/IMG_8067.jpg\" class=\"attachment-large size-large wp-image-422\" alt=\"\" srcset=\"https:\/\/www.schuetzen1861-ochtendung.de\/wp-content\/uploads\/2024\/05\/IMG_8067.jpg 320w, https:\/\/www.schuetzen1861-ochtendung.de\/wp-content\/uploads\/2024\/05\/IMG_8067-300x225.jpg 300w\" sizes=\"(max-width: 320px) 100vw, 320px\" \/>\t\t\t\t\t\t\t\t\t\t\t\t\t\t\t<\/div>\n\t\t\t\t<\/div>\n\t\t\t\t<div class=\"elementor-element elementor-element-711b653 elementor-widget elementor-widget-image\" data-id=\"711b653\" data-element_type=\"widget\" data-e-type=\"widget\" data-widget_type=\"image.default\">\n\t\t\t\t<div class=\"elementor-widget-container\">\n\t\t\t\t\t\t\t\t\t\t\t\t\t\t\t<img loading=\"lazy\" decoding=\"async\" width=\"640\" height=\"480\" src=\"https:\/\/www.schuetzen1861-ochtendung.de\/wp-content\/uploads\/2024\/05\/IMG_7758.jpg\" class=\"attachment-large size-large wp-image-441\" alt=\"\" srcset=\"https:\/\/www.schuetzen1861-ochtendung.de\/wp-content\/uploads\/2024\/05\/IMG_7758.jpg 640w, https:\/\/www.schuetzen1861-ochtendung.de\/wp-content\/uploads\/2024\/05\/IMG_7758-300x225.jpg 300w\" sizes=\"(max-width: 640px) 100vw, 640px\" \/>\t\t\t\t\t\t\t\t\t\t\t\t\t\t\t<\/div>\n\t\t\t\t<\/div>\n\t\t\t\t\t<\/div>\n\t\t\t\t<\/div>\n\t\t\t\t<\/div>\n\t\t","protected":false},"excerpt":{"rendered":"<p>Unser historischer Schie\u00dfstand f\u00fcr Kleinkaliber&nbsp; 8 Sch\u00fctzenst\u00e4nde Unsere Raumschie\u00dfanlage f\u00fcr Gro\u00df- und&nbsp; Kleinkaliber Lang- und Kurzwaffen 4 Sch\u00fctzenst\u00e4nde Unser neuer elektronischer Luftgewehr-Stand&nbsp; 5 Sch\u00fctzenst\u00e4nde elektronisch sowie ein Laser- bzw. Scheibenzug-Anlage<\/p>\n","protected":false},"author":1,"featured_media":0,"parent":248,"menu_order":0,"comment_status":"closed","ping_status":"closed","template":"","meta":{"saved_in_kubio":false,"footnotes":""},"class_list":["post-82","page","type-page","status-publish","hentry"],"kubio_ai_page_context":{"short_desc":"","purpose":"general"},"_links":{"self":[{"href":"https:\/\/www.schuetzen1861-ochtendung.de\/index.php?rest_route=\/wp\/v2\/pages\/82","targetHints":{"allow":["GET"]}}],"collection":[{"href":"https:\/\/www.schuetzen1861-ochtendung.de\/index.php?rest_route=\/wp\/v2\/pages"}],"about":[{"href":"https:\/\/www.schuetzen1861-ochtendung.de\/index.php?rest_route=\/wp\/v2\/types\/page"}],"author":[{"embeddable":true,"href":"https:\/\/www.schuetzen1861-ochtendung.de\/index.php?rest_route=\/wp\/v2\/users\/1"}],"replies":[{"embeddable":true,"href":"https:\/\/www.schuetzen1861-ochtendung.de\/index.php?rest_route=%2Fwp%2Fv2%2Fcomments&post=82"}],"version-history":[{"count":17,"href":"https:\/\/www.schuetzen1861-ochtendung.de\/index.php?rest_route=\/wp\/v2\/pages\/82\/revisions"}],"predecessor-version":[{"id":524,"href":"https:\/\/www.schuetzen1861-ochtendung.de\/index.php?rest_route=\/wp\/v2\/pages\/82\/revisions\/524"}],"up":[{"embeddable":true,"href":"https:\/\/www.schuetzen1861-ochtendung.de\/index.php?rest_route=\/wp\/v2\/pages\/248"}],"wp:attachment":[{"href":"https:\/\/www.schuetzen1861-ochtendung.de\/index.php?rest_route=%2Fwp%2Fv2%2Fmedia&parent=82"}],"curies":[{"name":"wp","href":"https:\/\/api.w.org\/{rel}","templated":true}]}}