{"id":81,"date":"2024-05-03T10:48:31","date_gmt":"2024-05-03T10:48:31","guid":{"rendered":"https:\/\/www.schuetzen1861-ochtendung.de\/?page_id=81"},"modified":"2025-12-07T13:59:57","modified_gmt":"2025-12-07T13:59:57","slug":"news","status":"publish","type":"page","link":"https:\/\/www.schuetzen1861-ochtendung.de\/?page_id=81","title":{"rendered":"News"},"content":{"rendered":"\t\t<div data-elementor-type=\"wp-page\" data-elementor-id=\"81\" class=\"elementor elementor-81\">\n\t\t\t\t<div class=\"elementor-element elementor-element-f42dba1 e-flex e-con-boxed e-con e-parent\" data-id=\"f42dba1\" data-element_type=\"container\" data-e-type=\"container\">\n\t\t\t\t\t<div class=\"e-con-inner\">\n\t\t\t\t<div class=\"elementor-element elementor-element-a1ed548 elementor-drop-cap-yes elementor-drop-cap-view-default elementor-widget elementor-widget-text-editor\" data-id=\"a1ed548\" data-element_type=\"widget\" data-e-type=\"widget\" data-settings=\"{&quot;drop_cap&quot;:&quot;yes&quot;}\" data-widget_type=\"text-editor.default\">\n\t\t\t\t<div class=\"elementor-widget-container\">\n\t\t\t\t\t\t\t\t\t<p class=\"MsoNormal\">Am ersten Adventswochenende konnte der Vorsitzende Harald Berressem\nviele aktive Sch\u00fctzen und Jungsch\u00fctzen zum Jahresabschluss-Schie\u00dfen 2025 in den\nR\u00e4umen der St. Eustachius-Sch\u00fctzengesellschaft 1861 e. V. in Ochtendung\nbegr\u00fc\u00dfen.<o:p><\/o:p><\/p><p class=\"MsoNormal\">Nach der St\u00e4rkung durch Kaffee und Kuchen wurden die Teams\nausgelost. Geschossen wurde mit dem Luftgewehr in Zweier-Teams bestehend aus\neinem \u201eAlt\u201cSch\u00fctzen und einem Jungsch\u00fctzen. <o:p><\/o:p><\/p><p class=\"MsoNormal\">Jeder Sch\u00fctze hatte 10 Schuss und das Teamergebnis wurde\ngemittelt.<o:p><\/o:p><\/p><p class=\"MsoNormal\">Folgende Platzierungen und Ehrungen konnten vorgenommen\nwerden:<o:p><\/o:p><\/p><p class=\"MsoNormal\"><span lang=\"SV\">1.Philipp R\u00f6der \u2013\nMartin G\u00f6derz 195 Ringe<o:p><\/o:p><\/span><\/p><p class=\"MsoNormal\"><span lang=\"SV\">2. Sarah Giebel \u2013\nHans Hartmann 194 Ringe<o:p><\/o:p><\/span><\/p><p class=\"MsoNormal\">3. Luc Bauer \u2013 Simon Giebel 186 Ringe<o:p><\/o:p><\/p><p class=\"MsoNormal\"><span lang=\"NO-BOK\">4.\nBenedikt Kirst \u2013 Horst Krautkr\u00e4mer 185 Ringe<o:p><\/o:p><\/span><\/p><p class=\"MsoNormal\"><span lang=\"SV\">4. Max G\u00f6derz \u2013\nLeon R\u00f6der 185 Ringe<o:p><\/o:p><\/span><\/p><p class=\"MsoNormal\"><span lang=\"NO-BOK\">5.\nClemens Tholey \u2013 S\u00f6nke Hansen 178 Ringe<o:p><\/o:p><\/span><\/p><p class=\"MsoNormal\"><span lang=\"NO-BOK\">6.\nJonathan Kirst \u2013 Gunthard Kumpia 170 Ringe<o:p><\/o:p><\/span><\/p><p class=\"MsoNormal\"><span lang=\"SV\">&nbsp;<\/span><\/p><p>\n\n\n\n\n\n\n\n\n\n\n\n\n\n\n\n\n\n\n\n\n\n\n\n<\/p><p class=\"MsoNormal\">Auch in diesem Jahr durften die M\u00fctter, V\u00e4ter und\nGeschwister an einem gesonderten Schie\u00dfwettbewerb im Luftgewehr teilnehmen.\nHier wurden im Anschluss ebenfalls die Ehrungen vorgenommen.<o:p><\/o:p><\/p>\t\t\t\t\t\t\t\t<\/div>\n\t\t\t\t<\/div>\n\t\t\t\t\t<\/div>\n\t\t\t\t<\/div>\n\t\t<div class=\"elementor-element elementor-element-8b6e6da e-flex e-con-boxed e-con e-parent\" data-id=\"8b6e6da\" data-element_type=\"container\" data-e-type=\"container\">\n\t\t\t\t\t<div class=\"e-con-inner\">\n\t\t\t\t<div class=\"elementor-element elementor-element-26730b6 elementor-widget elementor-widget-image\" data-id=\"26730b6\" data-element_type=\"widget\" data-e-type=\"widget\" data-widget_type=\"image.default\">\n\t\t\t\t<div class=\"elementor-widget-container\">\n\t\t\t\t\t\t\t\t\t\t\t\t\t\t\t<img fetchpriority=\"high\" decoding=\"async\" width=\"800\" height=\"426\" src=\"https:\/\/www.schuetzen1861-ochtendung.de\/wp-content\/uploads\/2025\/12\/Gruppenbild-1024x545.jpg\" class=\"attachment-large size-large wp-image-536\" alt=\"\" srcset=\"https:\/\/www.schuetzen1861-ochtendung.de\/wp-content\/uploads\/2025\/12\/Gruppenbild-1024x545.jpg 1024w, https:\/\/www.schuetzen1861-ochtendung.de\/wp-content\/uploads\/2025\/12\/Gruppenbild-300x160.jpg 300w, https:\/\/www.schuetzen1861-ochtendung.de\/wp-content\/uploads\/2025\/12\/Gruppenbild-768x409.jpg 768w, https:\/\/www.schuetzen1861-ochtendung.de\/wp-content\/uploads\/2025\/12\/Gruppenbild-1536x818.jpg 1536w, https:\/\/www.schuetzen1861-ochtendung.de\/wp-content\/uploads\/2025\/12\/Gruppenbild-2048x1091.jpg 2048w, https:\/\/www.schuetzen1861-ochtendung.de\/wp-content\/uploads\/2025\/12\/Gruppenbild-1920x1023.jpg 1920w\" sizes=\"(max-width: 800px) 100vw, 800px\" \/>\t\t\t\t\t\t\t\t\t\t\t\t\t\t\t<\/div>\n\t\t\t\t<\/div>\n\t\t\t\t\t<\/div>\n\t\t\t\t<\/div>\n\t\t<div class=\"elementor-element elementor-element-e0127c6 e-flex e-con-boxed e-con e-parent\" data-id=\"e0127c6\" data-element_type=\"container\" data-e-type=\"container\">\n\t\t\t\t\t<div class=\"e-con-inner\">\n\t\t\t\t<div class=\"elementor-element elementor-element-670c251 elementor-widget elementor-widget-image\" data-id=\"670c251\" data-element_type=\"widget\" data-e-type=\"widget\" data-widget_type=\"image.default\">\n\t\t\t\t<div class=\"elementor-widget-container\">\n\t\t\t\t\t\t\t\t\t\t\t\t\t\t\t<img decoding=\"async\" width=\"800\" height=\"445\" src=\"https:\/\/www.schuetzen1861-ochtendung.de\/wp-content\/uploads\/2025\/12\/Jungschutzen-1024x569.jpg\" class=\"attachment-large size-large wp-image-535\" alt=\"\" srcset=\"https:\/\/www.schuetzen1861-ochtendung.de\/wp-content\/uploads\/2025\/12\/Jungschutzen-1024x569.jpg 1024w, https:\/\/www.schuetzen1861-ochtendung.de\/wp-content\/uploads\/2025\/12\/Jungschutzen-300x167.jpg 300w, https:\/\/www.schuetzen1861-ochtendung.de\/wp-content\/uploads\/2025\/12\/Jungschutzen-768x426.jpg 768w, https:\/\/www.schuetzen1861-ochtendung.de\/wp-content\/uploads\/2025\/12\/Jungschutzen-1536x853.jpg 1536w, https:\/\/www.schuetzen1861-ochtendung.de\/wp-content\/uploads\/2025\/12\/Jungschutzen-2048x1137.jpg 2048w, https:\/\/www.schuetzen1861-ochtendung.de\/wp-content\/uploads\/2025\/12\/Jungschutzen-1920x1066.jpg 1920w\" sizes=\"(max-width: 800px) 100vw, 800px\" \/>\t\t\t\t\t\t\t\t\t\t\t\t\t\t\t<\/div>\n\t\t\t\t<\/div>\n\t\t\t\t\t<\/div>\n\t\t\t\t<\/div>\n\t\t<div class=\"elementor-element elementor-element-67791db7 e-flex e-con-boxed e-con e-parent\" data-id=\"67791db7\" data-element_type=\"container\" data-e-type=\"container\">\n\t\t\t\t\t<div class=\"e-con-inner\">\n\t\t\t\t<div class=\"elementor-element elementor-element-4154eeb elementor-widget elementor-widget-text-editor\" data-id=\"4154eeb\" data-element_type=\"widget\" data-e-type=\"widget\" data-widget_type=\"text-editor.default\">\n\t\t\t\t<div class=\"elementor-widget-container\">\n\t\t\t\t\t\t\t\t\t\n<h2 class=\"wp-block-heading\">Max G\u00f6derz &#8211; Bezirks-Sch\u00fclerprinz<\/h2>\n\n\n\n<p>Beim Bezirks-Jungsch\u00fctzentag&#8230;.<\/p>\n\n\n\t\t\t\t\t\t\t\t<\/div>\n\t\t\t\t<\/div>\n\t\t\t\t\t<\/div>\n\t\t\t\t<\/div>\n\t\t<div class=\"elementor-element elementor-element-373d95c e-flex e-con-boxed e-con e-parent\" data-id=\"373d95c\" data-element_type=\"container\" data-e-type=\"container\">\n\t\t\t\t\t<div class=\"e-con-inner\">\n\t\t\t\t<div class=\"elementor-element elementor-element-b69ff6c elementor-widget elementor-widget-image\" data-id=\"b69ff6c\" data-element_type=\"widget\" data-e-type=\"widget\" data-widget_type=\"image.default\">\n\t\t\t\t<div class=\"elementor-widget-container\">\n\t\t\t\t\t\t\t\t\t\t\t\t\t\t\t<img decoding=\"async\" width=\"800\" height=\"600\" src=\"https:\/\/www.schuetzen1861-ochtendung.de\/wp-content\/uploads\/2024\/05\/prinz-max-1024x768.jpg\" class=\"attachment-large size-large wp-image-215\" alt=\"\" srcset=\"https:\/\/www.schuetzen1861-ochtendung.de\/wp-content\/uploads\/2024\/05\/prinz-max-1024x768.jpg 1024w, https:\/\/www.schuetzen1861-ochtendung.de\/wp-content\/uploads\/2024\/05\/prinz-max-300x225.jpg 300w, https:\/\/www.schuetzen1861-ochtendung.de\/wp-content\/uploads\/2024\/05\/prinz-max-768x576.jpg 768w, https:\/\/www.schuetzen1861-ochtendung.de\/wp-content\/uploads\/2024\/05\/prinz-max-1536x1152.jpg 1536w, https:\/\/www.schuetzen1861-ochtendung.de\/wp-content\/uploads\/2024\/05\/prinz-max-1440x1080.jpg 1440w, https:\/\/www.schuetzen1861-ochtendung.de\/wp-content\/uploads\/2024\/05\/prinz-max.jpg 2000w\" sizes=\"(max-width: 800px) 100vw, 800px\" \/>\t\t\t\t\t\t\t\t\t\t\t\t\t\t\t<\/div>\n\t\t\t\t<\/div>\n\t\t\t\t\t<\/div>\n\t\t\t\t<\/div>\n\t\t\t\t<\/div>\n\t\t","protected":false},"excerpt":{"rendered":"<p>Am ersten Adventswochenende konnte der Vorsitzende Harald Berressem viele aktive Sch\u00fctzen und Jungsch\u00fctzen zum Jahresabschluss-Schie\u00dfen 2025 in den R\u00e4umen der St. Eustachius-Sch\u00fctzengesellschaft 1861 e. V. in Ochtendung begr\u00fc\u00dfen. Nach der St\u00e4rkung durch Kaffee und Kuchen wurden die Teams ausgelost. Geschossen wurde mit dem Luftgewehr in Zweier-Teams bestehend aus einem \u201eAlt\u201cSch\u00fctzen und einem Jungsch\u00fctzen. Jeder Sch\u00fctze [&hellip;]<\/p>\n","protected":false},"author":1,"featured_media":0,"parent":0,"menu_order":0,"comment_status":"closed","ping_status":"closed","template":"","meta":{"saved_in_kubio":true,"footnotes":""},"class_list":["post-81","page","type-page","status-publish","hentry"],"kubio_ai_page_context":{"short_desc":"","purpose":"general"},"_links":{"self":[{"href":"https:\/\/www.schuetzen1861-ochtendung.de\/index.php?rest_route=\/wp\/v2\/pages\/81","targetHints":{"allow":["GET"]}}],"collection":[{"href":"https:\/\/www.schuetzen1861-ochtendung.de\/index.php?rest_route=\/wp\/v2\/pages"}],"about":[{"href":"https:\/\/www.schuetzen1861-ochtendung.de\/index.php?rest_route=\/wp\/v2\/types\/page"}],"author":[{"embeddable":true,"href":"https:\/\/www.schuetzen1861-ochtendung.de\/index.php?rest_route=\/wp\/v2\/users\/1"}],"replies":[{"embeddable":true,"href":"https:\/\/www.schuetzen1861-ochtendung.de\/index.php?rest_route=%2Fwp%2Fv2%2Fcomments&post=81"}],"version-history":[{"count":15,"href":"https:\/\/www.schuetzen1861-ochtendung.de\/index.php?rest_route=\/wp\/v2\/pages\/81\/revisions"}],"predecessor-version":[{"id":539,"href":"https:\/\/www.schuetzen1861-ochtendung.de\/index.php?rest_route=\/wp\/v2\/pages\/81\/revisions\/539"}],"wp:attachment":[{"href":"https:\/\/www.schuetzen1861-ochtendung.de\/index.php?rest_route=%2Fwp%2Fv2%2Fmedia&parent=81"}],"curies":[{"name":"wp","href":"https:\/\/api.w.org\/{rel}","templated":true}]}}