{"id":338,"date":"2024-05-05T16:13:18","date_gmt":"2024-05-05T16:13:18","guid":{"rendered":"https:\/\/www.schuetzen1861-ochtendung.de\/?page_id=338"},"modified":"2024-05-08T12:36:18","modified_gmt":"2024-05-08T12:36:18","slug":"termine-veranstaltungen","status":"publish","type":"page","link":"https:\/\/www.schuetzen1861-ochtendung.de\/?page_id=338","title":{"rendered":"Termine\/Veranstaltungen"},"content":{"rendered":"\t\t<div data-elementor-type=\"wp-page\" data-elementor-id=\"338\" class=\"elementor elementor-338\">\n\t\t\t\t<div class=\"elementor-element elementor-element-6aec1bb e-grid e-con-boxed e-con e-parent\" data-id=\"6aec1bb\" data-element_type=\"container\" data-e-type=\"container\">\n\t\t\t\t\t<div class=\"e-con-inner\">\n\t\t\t\t<div class=\"elementor-element elementor-element-6855986 elementor-widget elementor-widget-text-editor\" data-id=\"6855986\" data-element_type=\"widget\" data-e-type=\"widget\" data-widget_type=\"text-editor.default\">\n\t\t\t\t<div class=\"elementor-widget-container\">\n\t\t\t\t\t\t\t\t\t<p>22. Juni<\/p>\t\t\t\t\t\t\t\t<\/div>\n\t\t\t\t<\/div>\n\t\t\t\t<div class=\"elementor-element elementor-element-094b1a8 elementor-widget elementor-widget-text-editor\" data-id=\"094b1a8\" data-element_type=\"widget\" data-e-type=\"widget\" data-widget_type=\"text-editor.default\">\n\t\t\t\t<div class=\"elementor-widget-container\">\n\t\t\t\t\t\t\t\t\t<p>B\u00fcrgerschie\u00dfen<\/p>\t\t\t\t\t\t\t\t<\/div>\n\t\t\t\t<\/div>\n\t\t\t\t<div class=\"elementor-element elementor-element-9e8dae7 elementor-widget elementor-widget-image\" data-id=\"9e8dae7\" data-element_type=\"widget\" data-e-type=\"widget\" data-widget_type=\"image.default\">\n\t\t\t\t<div class=\"elementor-widget-container\">\n\t\t\t\t\t\t\t\t\t\t\t\t\t\t\t<img fetchpriority=\"high\" decoding=\"async\" width=\"742\" height=\"1024\" src=\"https:\/\/www.schuetzen1861-ochtendung.de\/wp-content\/uploads\/2024\/05\/Buergerschiessen-742x1024.jpg\" class=\"attachment-large size-large wp-image-392\" alt=\"\" srcset=\"https:\/\/www.schuetzen1861-ochtendung.de\/wp-content\/uploads\/2024\/05\/Buergerschiessen-742x1024.jpg 742w, https:\/\/www.schuetzen1861-ochtendung.de\/wp-content\/uploads\/2024\/05\/Buergerschiessen-217x300.jpg 217w, https:\/\/www.schuetzen1861-ochtendung.de\/wp-content\/uploads\/2024\/05\/Buergerschiessen.jpg 750w\" sizes=\"(max-width: 742px) 100vw, 742px\" \/>\t\t\t\t\t\t\t\t\t\t\t\t\t\t\t<\/div>\n\t\t\t\t<\/div>\n\t\t\t\t\t<\/div>\n\t\t\t\t<\/div>\n\t\t<div class=\"elementor-element elementor-element-b75eca1 e-grid e-con-boxed e-con e-parent\" data-id=\"b75eca1\" data-element_type=\"container\" data-e-type=\"container\">\n\t\t\t\t\t<div class=\"e-con-inner\">\n\t\t\t\t<div class=\"elementor-element elementor-element-0806f62 elementor-widget elementor-widget-text-editor\" data-id=\"0806f62\" data-element_type=\"widget\" data-e-type=\"widget\" data-widget_type=\"text-editor.default\">\n\t\t\t\t<div class=\"elementor-widget-container\">\n\t\t\t\t\t\t\t\t\t<p>07. Juli&nbsp;<\/p>\t\t\t\t\t\t\t\t<\/div>\n\t\t\t\t<\/div>\n\t\t\t\t<div class=\"elementor-element elementor-element-a050daf elementor-widget elementor-widget-text-editor\" data-id=\"a050daf\" data-element_type=\"widget\" data-e-type=\"widget\" data-widget_type=\"text-editor.default\">\n\t\t\t\t<div class=\"elementor-widget-container\">\n\t\t\t\t\t\t\t\t\t<p>K\u00f6nigs- und Prinzen-Schie\u00dfen<\/p>\t\t\t\t\t\t\t\t<\/div>\n\t\t\t\t<\/div>\n\t\t\t\t\t<\/div>\n\t\t\t\t<\/div>\n\t\t\t\t<\/div>\n\t\t","protected":false},"excerpt":{"rendered":"<p>22. Juni B\u00fcrgerschie\u00dfen 07. Juli&nbsp; K\u00f6nigs- und Prinzen-Schie\u00dfen<\/p>\n","protected":false},"author":1,"featured_media":0,"parent":0,"menu_order":0,"comment_status":"closed","ping_status":"closed","template":"","meta":{"saved_in_kubio":false,"footnotes":""},"class_list":["post-338","page","type-page","status-publish","hentry"],"kubio_ai_page_context":{"short_desc":"","purpose":"general"},"_links":{"self":[{"href":"https:\/\/www.schuetzen1861-ochtendung.de\/index.php?rest_route=\/wp\/v2\/pages\/338","targetHints":{"allow":["GET"]}}],"collection":[{"href":"https:\/\/www.schuetzen1861-ochtendung.de\/index.php?rest_route=\/wp\/v2\/pages"}],"about":[{"href":"https:\/\/www.schuetzen1861-ochtendung.de\/index.php?rest_route=\/wp\/v2\/types\/page"}],"author":[{"embeddable":true,"href":"https:\/\/www.schuetzen1861-ochtendung.de\/index.php?rest_route=\/wp\/v2\/users\/1"}],"replies":[{"embeddable":true,"href":"https:\/\/www.schuetzen1861-ochtendung.de\/index.php?rest_route=%2Fwp%2Fv2%2Fcomments&post=338"}],"version-history":[{"count":28,"href":"https:\/\/www.schuetzen1861-ochtendung.de\/index.php?rest_route=\/wp\/v2\/pages\/338\/revisions"}],"predecessor-version":[{"id":475,"href":"https:\/\/www.schuetzen1861-ochtendung.de\/index.php?rest_route=\/wp\/v2\/pages\/338\/revisions\/475"}],"wp:attachment":[{"href":"https:\/\/www.schuetzen1861-ochtendung.de\/index.php?rest_route=%2Fwp%2Fv2%2Fmedia&parent=338"}],"curies":[{"name":"wp","href":"https:\/\/api.w.org\/{rel}","templated":true}]}}