{"id":2,"date":"2024-05-03T08:27:14","date_gmt":"2024-05-03T08:27:14","guid":{"rendered":"https:\/\/www.schuetzen1861-ochtendung.de\/?page_id=2"},"modified":"2024-05-08T13:50:14","modified_gmt":"2024-05-08T13:50:14","slug":"sample-page","status":"publish","type":"page","link":"https:\/\/www.schuetzen1861-ochtendung.de\/?page_id=2","title":{"rendered":"Links"},"content":{"rendered":"\t\t<div data-elementor-type=\"wp-page\" data-elementor-id=\"2\" class=\"elementor elementor-2\">\n\t\t\t\t<div class=\"elementor-element elementor-element-ffc70fc e-grid e-con-boxed e-con e-parent\" data-id=\"ffc70fc\" data-element_type=\"container\" data-e-type=\"container\">\n\t\t\t\t\t<div class=\"e-con-inner\">\n\t\t\t\t<div class=\"elementor-element elementor-element-972d3dd elementor-widget elementor-widget-image\" data-id=\"972d3dd\" data-element_type=\"widget\" data-e-type=\"widget\" data-widget_type=\"image.default\">\n\t\t\t\t<div class=\"elementor-widget-container\">\n\t\t\t\t\t\t\t\t\t\t\t\t<figure class=\"wp-caption\">\n\t\t\t\t\t\t\t\t\t\t\t<a href=\"http:\/\/www.bv-mittelrhein-Untermosel.de\">\n\t\t\t\t\t\t\t<img decoding=\"async\" width=\"210\" height=\"150\" src=\"https:\/\/www.schuetzen1861-ochtendung.de\/wp-content\/uploads\/2024\/05\/BezirksLogo.jpg\" class=\"attachment-large size-large wp-image-502\" alt=\"\" \/>\t\t\t\t\t\t\t\t<\/a>\n\t\t\t\t\t\t\t\t\t\t\t<figcaption class=\"widget-image-caption wp-caption-text\">Bezirksverband Mittelrhein-Untermosel<\/figcaption>\n\t\t\t\t\t\t\t\t\t\t<\/figure>\n\t\t\t\t\t\t\t\t\t<\/div>\n\t\t\t\t<\/div>\n\t\t\t\t<div class=\"elementor-element elementor-element-7b791b1 elementor-widget elementor-widget-image\" data-id=\"7b791b1\" data-element_type=\"widget\" data-e-type=\"widget\" data-widget_type=\"image.default\">\n\t\t\t\t<div class=\"elementor-widget-container\">\n\t\t\t\t\t\t\t\t\t\t\t\t<figure class=\"wp-caption\">\n\t\t\t\t\t\t\t\t\t\t\t<a href=\"https:\/\/www.facebook.com\/people\/Sch%C3%BCtzenjugend-im-Bezirksverband-Mittelrhein-Untermosel\/100083482993459\/?ref=tn_tnmn\">\n\t\t\t\t\t\t\t<img fetchpriority=\"high\" decoding=\"async\" width=\"344\" height=\"355\" src=\"https:\/\/www.schuetzen1861-ochtendung.de\/wp-content\/uploads\/2024\/05\/JugendLogo.jpg\" class=\"attachment-large size-large wp-image-507\" alt=\"\" srcset=\"https:\/\/www.schuetzen1861-ochtendung.de\/wp-content\/uploads\/2024\/05\/JugendLogo.jpg 344w, https:\/\/www.schuetzen1861-ochtendung.de\/wp-content\/uploads\/2024\/05\/JugendLogo-291x300.jpg 291w\" sizes=\"(max-width: 344px) 100vw, 344px\" \/>\t\t\t\t\t\t\t\t<\/a>\n\t\t\t\t\t\t\t\t\t\t\t<figcaption class=\"widget-image-caption wp-caption-text\">Sch\u00fctzenjugend Mittelrhein-Untermosel<\/figcaption>\n\t\t\t\t\t\t\t\t\t\t<\/figure>\n\t\t\t\t\t\t\t\t\t<\/div>\n\t\t\t\t<\/div>\n\t\t\t\t<div class=\"elementor-element elementor-element-053ce77 elementor-widget elementor-widget-image\" data-id=\"053ce77\" data-element_type=\"widget\" data-e-type=\"widget\" data-widget_type=\"image.default\">\n\t\t\t\t<div class=\"elementor-widget-container\">\n\t\t\t\t\t\t\t\t\t\t\t\t<figure class=\"wp-caption\">\n\t\t\t\t\t\t\t\t\t\t\t<a href=\"http:\/\/www.dv-trier.de\">\n\t\t\t\t\t\t\t<img decoding=\"async\" width=\"300\" height=\"282\" src=\"https:\/\/www.schuetzen1861-ochtendung.de\/wp-content\/uploads\/2024\/05\/DioezesanLogo-300x282.jpg\" class=\"attachment-medium size-medium wp-image-506\" alt=\"\" srcset=\"https:\/\/www.schuetzen1861-ochtendung.de\/wp-content\/uploads\/2024\/05\/DioezesanLogo-300x282.jpg 300w, https:\/\/www.schuetzen1861-ochtendung.de\/wp-content\/uploads\/2024\/05\/DioezesanLogo.jpg 336w\" sizes=\"(max-width: 300px) 100vw, 300px\" \/>\t\t\t\t\t\t\t\t<\/a>\n\t\t\t\t\t\t\t\t\t\t\t<figcaption class=\"widget-image-caption wp-caption-text\">Di\u00f6zesanverband Trier<\/figcaption>\n\t\t\t\t\t\t\t\t\t\t<\/figure>\n\t\t\t\t\t\t\t\t\t<\/div>\n\t\t\t\t<\/div>\n\t\t\t\t<div class=\"elementor-element elementor-element-2fb12b2 elementor-widget elementor-widget-image\" data-id=\"2fb12b2\" data-element_type=\"widget\" data-e-type=\"widget\" data-widget_type=\"image.default\">\n\t\t\t\t<div class=\"elementor-widget-container\">\n\t\t\t\t\t\t\t\t\t\t\t\t<figure class=\"wp-caption\">\n\t\t\t\t\t\t\t\t\t\t\t<a href=\"https:\/\/www.bund-bruderschaften.de\/start\/\">\n\t\t\t\t\t\t\t<img loading=\"lazy\" decoding=\"async\" width=\"186\" height=\"249\" src=\"https:\/\/www.schuetzen1861-ochtendung.de\/wp-content\/uploads\/2024\/05\/Bundeslogo.jpg\" class=\"attachment-large size-large wp-image-514\" alt=\"\" \/>\t\t\t\t\t\t\t\t<\/a>\n\t\t\t\t\t\t\t\t\t\t\t<figcaption class=\"widget-image-caption wp-caption-text\">Bund der Historischen Deutschen Sch\u00fctzenbruderschaften<\/figcaption>\n\t\t\t\t\t\t\t\t\t\t<\/figure>\n\t\t\t\t\t\t\t\t\t<\/div>\n\t\t\t\t<\/div>\n\t\t\t\t\t<\/div>\n\t\t\t\t<\/div>\n\t\t\t\t<\/div>\n\t\t","protected":false},"excerpt":{"rendered":"<p>Bezirksverband Mittelrhein-Untermosel Sch\u00fctzenjugend Mittelrhein-Untermosel Di\u00f6zesanverband Trier Bund der Historischen Deutschen Sch\u00fctzenbruderschaften<\/p>\n","protected":false},"author":1,"featured_media":0,"parent":0,"menu_order":0,"comment_status":"closed","ping_status":"open","template":"","meta":{"saved_in_kubio":false,"footnotes":""},"class_list":["post-2","page","type-page","status-publish","hentry"],"kubio_ai_page_context":{"short_desc":"","purpose":"general"},"_links":{"self":[{"href":"https:\/\/www.schuetzen1861-ochtendung.de\/index.php?rest_route=\/wp\/v2\/pages\/2","targetHints":{"allow":["GET"]}}],"collection":[{"href":"https:\/\/www.schuetzen1861-ochtendung.de\/index.php?rest_route=\/wp\/v2\/pages"}],"about":[{"href":"https:\/\/www.schuetzen1861-ochtendung.de\/index.php?rest_route=\/wp\/v2\/types\/page"}],"author":[{"embeddable":true,"href":"https:\/\/www.schuetzen1861-ochtendung.de\/index.php?rest_route=\/wp\/v2\/users\/1"}],"replies":[{"embeddable":true,"href":"https:\/\/www.schuetzen1861-ochtendung.de\/index.php?rest_route=%2Fwp%2Fv2%2Fcomments&post=2"}],"version-history":[{"count":19,"href":"https:\/\/www.schuetzen1861-ochtendung.de\/index.php?rest_route=\/wp\/v2\/pages\/2\/revisions"}],"predecessor-version":[{"id":517,"href":"https:\/\/www.schuetzen1861-ochtendung.de\/index.php?rest_route=\/wp\/v2\/pages\/2\/revisions\/517"}],"wp:attachment":[{"href":"https:\/\/www.schuetzen1861-ochtendung.de\/index.php?rest_route=%2Fwp%2Fv2%2Fmedia&parent=2"}],"curies":[{"name":"wp","href":"https:\/\/api.w.org\/{rel}","templated":true}]}}